{"id":60,"date":"2019-05-05T09:40:12","date_gmt":"2019-05-05T08:40:12","guid":{"rendered":"http:\/\/invalidi-hrastnik.si\/WP\/?page_id=60"},"modified":"2019-05-23T09:43:46","modified_gmt":"2019-05-23T08:43:46","slug":"obvestila","status":"publish","type":"page","link":"http:\/\/invalidi-hrastnik.si\/WP\/obvestila\/","title":{"rendered":"Obvestila"},"content":{"rendered":"<div class=\"pt-cv-wrapper\"><div class=\"pt-cv-view pt-cv-grid pt-cv-colsys\" id=\"pt-cv-view-1f29e1c0n5\"><div data-id=\"pt-cv-page-1\" class=\"pt-cv-page\" data-cvc=\"1\"><div class=\"col-md-12 col-sm-12 col-xs-12 pt-cv-content-item pt-cv-1-col\" ><div class='pt-cv-ifield'><a href=\"http:\/\/invalidi-hrastnik.si\/WP\/2026\/01\/30\/placevanja-clanarine\/\" class=\"_self pt-cv-href-thumbnail pt-cv-thumb-default\" target=\"_self\" ><\/a>\n<h4 class=\"pt-cv-title\"><a href=\"http:\/\/invalidi-hrastnik.si\/WP\/2026\/01\/30\/placevanja-clanarine\/\" class=\"_self\" target=\"_self\" >Pla\u010devanja \u010dlanarine<\/a><\/h4>\n<div class=\"pt-cv-content\">Clanarina-2026-poloznica ...<br \/><a href=\"http:\/\/invalidi-hrastnik.si\/WP\/2026\/01\/30\/placevanja-clanarine\/\" class=\"_self pt-cv-readmore btn btn-success\" target=\"_self\">Preberi ve\u010d<\/a><\/div><\/div><\/div>\n<div class=\"col-md-12 col-sm-12 col-xs-12 pt-cv-content-item pt-cv-1-col\" ><div class='pt-cv-ifield'><a href=\"http:\/\/invalidi-hrastnik.si\/WP\/2025\/11\/20\/kapacitete-in-rehabilitacija-zdis-2026\/\" class=\"_self pt-cv-href-thumbnail pt-cv-thumb-default\" target=\"_self\" ><\/a>\n<h4 class=\"pt-cv-title\"><a href=\"http:\/\/invalidi-hrastnik.si\/WP\/2025\/11\/20\/kapacitete-in-rehabilitacija-zdis-2026\/\" class=\"_self\" target=\"_self\" >KAPACITETE IN REHABILITACIJA ZDIS 2026<\/a><\/h4>\n<div class=\"pt-cv-content\">V letu 2026 imamo na razpolago naslednje kapacitete ZDIS. Prijavnice \u2013 vloge so na voljo na sede\u017eu dru\u0161tva , pri ...<br \/><a href=\"http:\/\/invalidi-hrastnik.si\/WP\/2025\/11\/20\/kapacitete-in-rehabilitacija-zdis-2026\/\" class=\"_self pt-cv-readmore btn btn-success\" target=\"_self\">Preberi ve\u010d<\/a><\/div><\/div><\/div>\n<div class=\"col-md-12 col-sm-12 col-xs-12 pt-cv-content-item pt-cv-1-col\" ><div class='pt-cv-ifield'><a href=\"http:\/\/invalidi-hrastnik.si\/WP\/2025\/08\/20\/treningi-pikada-in-saha\/\" class=\"_self pt-cv-href-thumbnail pt-cv-thumb-default\" target=\"_self\" ><\/a>\n<h4 class=\"pt-cv-title\"><a href=\"http:\/\/invalidi-hrastnik.si\/WP\/2025\/08\/20\/treningi-pikada-in-saha\/\" class=\"_self\" target=\"_self\" >Treningi pikada in \u0161aha<\/a><\/h4>\n<div class=\"pt-cv-content\">Treningi pikada in \u0161aha se izvajajo od ponedeljka 25. 8. 2025 dalje v stavbi ve\u010dnamenskega prostora KS Steklarna, Podkraj 91a, ...<br \/><a href=\"http:\/\/invalidi-hrastnik.si\/WP\/2025\/08\/20\/treningi-pikada-in-saha\/\" class=\"_self pt-cv-readmore btn btn-success\" target=\"_self\">Preberi ve\u010d<\/a><\/div><\/div><\/div>\n<div class=\"col-md-12 col-sm-12 col-xs-12 pt-cv-content-item pt-cv-1-col\" ><div class='pt-cv-ifield'><a href=\"http:\/\/invalidi-hrastnik.si\/WP\/2024\/12\/01\/kapacitete-in-rehabilitacija-zdis-2025\/\" class=\"_self pt-cv-href-thumbnail pt-cv-thumb-default\" target=\"_self\" ><\/a>\n<h4 class=\"pt-cv-title\"><a href=\"http:\/\/invalidi-hrastnik.si\/WP\/2024\/12\/01\/kapacitete-in-rehabilitacija-zdis-2025\/\" class=\"_self\" target=\"_self\" >KAPACITETE IN REHABILITACIJA ZDIS 2025<\/a><\/h4>\n<div class=\"pt-cv-content\">V letu 2025 imamo na razpolago naslednje kapacitete ZDIS. Prijavnice \u2013 vloge so na voljo na sede\u017eu dru\u0161tva in na ...<br \/><a href=\"http:\/\/invalidi-hrastnik.si\/WP\/2024\/12\/01\/kapacitete-in-rehabilitacija-zdis-2025\/\" class=\"_self pt-cv-readmore btn btn-success\" target=\"_self\">Preberi ve\u010d<\/a><\/div><\/div><\/div>\n<div class=\"col-md-12 col-sm-12 col-xs-12 pt-cv-content-item pt-cv-1-col\" ><div class='pt-cv-ifield'><a href=\"http:\/\/invalidi-hrastnik.si\/WP\/2024\/03\/26\/vabilo\/\" class=\"_self pt-cv-href-thumbnail pt-cv-thumb-default\" target=\"_self\" ><\/a>\n<h4 class=\"pt-cv-title\"><a href=\"http:\/\/invalidi-hrastnik.si\/WP\/2024\/03\/26\/vabilo\/\" class=\"_self\" target=\"_self\" >Vabilo<\/a><\/h4>\n<div class=\"pt-cv-content\">2024-Vabilo-na-volilni-zbor-clanov ...<br \/><a href=\"http:\/\/invalidi-hrastnik.si\/WP\/2024\/03\/26\/vabilo\/\" class=\"_self pt-cv-readmore btn btn-success\" target=\"_self\">Preberi ve\u010d<\/a><\/div><\/div><\/div>\n<div class=\"col-md-12 col-sm-12 col-xs-12 pt-cv-content-item pt-cv-1-col\" ><div class='pt-cv-ifield'><a href=\"http:\/\/invalidi-hrastnik.si\/WP\/2024\/02\/22\/obcina-bo-pomagala-pri-placilu-poloznic-za-ogrevanje\/\" class=\"_self pt-cv-href-thumbnail pt-cv-thumb-default\" target=\"_self\" ><\/a>\n<h4 class=\"pt-cv-title\"><a href=\"http:\/\/invalidi-hrastnik.si\/WP\/2024\/02\/22\/obcina-bo-pomagala-pri-placilu-poloznic-za-ogrevanje\/\" class=\"_self\" target=\"_self\" >Ob\u010dina bo pomagala pri pla\u010dilu polo\u017enic za ogrevanje<\/a><\/h4>\n<div class=\"pt-cv-content\">Objavljen je javni razpis dodeljevanje ob\u010dinskih denarnih pomo\u010di v letu 2024 v ob\u010dini Hrastnik. Upravi\u010dencem bodo pomagali pri pla\u010dilu polo\u017enic ...<br \/><a href=\"http:\/\/invalidi-hrastnik.si\/WP\/2024\/02\/22\/obcina-bo-pomagala-pri-placilu-poloznic-za-ogrevanje\/\" class=\"_self pt-cv-readmore btn btn-success\" target=\"_self\">Preberi ve\u010d<\/a><\/div><\/div><\/div>\n<div class=\"col-md-12 col-sm-12 col-xs-12 pt-cv-content-item pt-cv-1-col\" ><div class='pt-cv-ifield'><a href=\"http:\/\/invalidi-hrastnik.si\/WP\/2024\/01\/18\/razpis-kandidacijskih-postopkov-za-volitve-v-organe-drustva-invalidov-hrastnik-2\/\" class=\"_self pt-cv-href-thumbnail pt-cv-thumb-default\" target=\"_self\" ><\/a>\n<h4 class=\"pt-cv-title\"><a href=\"http:\/\/invalidi-hrastnik.si\/WP\/2024\/01\/18\/razpis-kandidacijskih-postopkov-za-volitve-v-organe-drustva-invalidov-hrastnik-2\/\" class=\"_self\" target=\"_self\" >RAZPIS KANDIDACIJSKIH POSTOPKOV ZA VOLITVE V ORGANE DRU\u0160TVA INVALIDOV HRASTNIK<\/a><\/h4>\n<div class=\"pt-cv-content\">Razpis-kandidacijskega-postopka ...<br \/><a href=\"http:\/\/invalidi-hrastnik.si\/WP\/2024\/01\/18\/razpis-kandidacijskih-postopkov-za-volitve-v-organe-drustva-invalidov-hrastnik-2\/\" class=\"_self pt-cv-readmore btn btn-success\" target=\"_self\">Preberi ve\u010d<\/a><\/div><\/div><\/div>\n<div class=\"col-md-12 col-sm-12 col-xs-12 pt-cv-content-item pt-cv-1-col\" ><div class='pt-cv-ifield'><a href=\"http:\/\/invalidi-hrastnik.si\/WP\/2023\/11\/12\/kapacitete-in-rehabilitacija-zdis-2024\/\" class=\"_self pt-cv-href-thumbnail pt-cv-thumb-default\" target=\"_self\" ><\/a>\n<h4 class=\"pt-cv-title\"><a href=\"http:\/\/invalidi-hrastnik.si\/WP\/2023\/11\/12\/kapacitete-in-rehabilitacija-zdis-2024\/\" class=\"_self\" target=\"_self\" >KAPACITETE IN REHABILITACIJA ZDIS 2024<\/a><\/h4>\n<div class=\"pt-cv-content\">V letu 2024 imamo na razpolago naslednje kapacitete ZDIS. Prijavnice \u2013 vloge so na voljo na sede\u017eu dru\u0161tva in na ...<br \/><a href=\"http:\/\/invalidi-hrastnik.si\/WP\/2023\/11\/12\/kapacitete-in-rehabilitacija-zdis-2024\/\" class=\"_self pt-cv-readmore btn btn-success\" target=\"_self\">Preberi ve\u010d<\/a><\/div><\/div><\/div>\n<div class=\"col-md-12 col-sm-12 col-xs-12 pt-cv-content-item pt-cv-1-col\" ><div class='pt-cv-ifield'><a href=\"http:\/\/invalidi-hrastnik.si\/WP\/2022\/11\/21\/kapacitete-in-rehabilitacija-zdis-2023\/\" class=\"_self pt-cv-href-thumbnail pt-cv-thumb-default\" target=\"_self\" ><\/a>\n<h4 class=\"pt-cv-title\"><a href=\"http:\/\/invalidi-hrastnik.si\/WP\/2022\/11\/21\/kapacitete-in-rehabilitacija-zdis-2023\/\" class=\"_self\" target=\"_self\" >KAPACITETE IN REHABILITACIJA ZDIS 2023<\/a><\/h4>\n<div class=\"pt-cv-content\">V letu 2023 imamo na razpolago naslednje kapacitete ZDIS. Prijavnice \u2013 vloge so na voljo na sede\u017eu dru\u0161tva in na ...<br \/><a href=\"http:\/\/invalidi-hrastnik.si\/WP\/2022\/11\/21\/kapacitete-in-rehabilitacija-zdis-2023\/\" class=\"_self pt-cv-readmore btn btn-success\" target=\"_self\">Preberi ve\u010d<\/a><\/div><\/div><\/div>\n<div class=\"col-md-12 col-sm-12 col-xs-12 pt-cv-content-item pt-cv-1-col\" ><div class='pt-cv-ifield'><a href=\"http:\/\/invalidi-hrastnik.si\/WP\/2022\/06\/14\/digitalni-bon-2022\/\" class=\"_self pt-cv-href-thumbnail pt-cv-thumb-default\" target=\"_self\" ><\/a>\n<h4 class=\"pt-cv-title\"><a href=\"http:\/\/invalidi-hrastnik.si\/WP\/2022\/06\/14\/digitalni-bon-2022\/\" class=\"_self\" target=\"_self\" >DIGITALNI BON 2022<\/a><\/h4>\n<div class=\"pt-cv-content\">Digitalni-bon ...<br \/><a href=\"http:\/\/invalidi-hrastnik.si\/WP\/2022\/06\/14\/digitalni-bon-2022\/\" class=\"_self pt-cv-readmore btn btn-success\" target=\"_self\">Preberi ve\u010d<\/a><\/div><\/div><\/div><\/div><\/div><\/div>\n","protected":false},"excerpt":{"rendered":"","protected":false},"author":1,"featured_media":0,"parent":0,"menu_order":0,"comment_status":"closed","ping_status":"closed","template":"","meta":{"_EventAllDay":false,"_EventTimezone":"","_EventStartDate":"","_EventEndDate":"","_EventStartDateUTC":"","_EventEndDateUTC":"","_EventShowMap":false,"_EventShowMapLink":false,"_EventURL":"","_EventCost":"","_EventCostDescription":"","_EventCurrencySymbol":"","_EventCurrencyCode":"","_EventCurrencyPosition":"","_EventDateTimeSeparator":"","_EventTimeRangeSeparator":"","_EventOrganizerID":[],"_EventVenueID":0,"_OrganizerEmail":"","_OrganizerPhone":"","_OrganizerWebsite":"","_VenueAddress":"","_VenueCity":"","_VenueCountry":"","_VenueProvince":"","_VenueZip":"","_VenuePhone":"","_VenueURL":"","_VenueStateProvince":"","_VenueLat":"","_VenueLng":""},"_links":{"self":[{"href":"http:\/\/invalidi-hrastnik.si\/WP\/wp-json\/wp\/v2\/pages\/60"}],"collection":[{"href":"http:\/\/invalidi-hrastnik.si\/WP\/wp-json\/wp\/v2\/pages"}],"about":[{"href":"http:\/\/invalidi-hrastnik.si\/WP\/wp-json\/wp\/v2\/types\/page"}],"author":[{"embeddable":true,"href":"http:\/\/invalidi-hrastnik.si\/WP\/wp-json\/wp\/v2\/users\/1"}],"replies":[{"embeddable":true,"href":"http:\/\/invalidi-hrastnik.si\/WP\/wp-json\/wp\/v2\/comments?post=60"}],"version-history":[{"count":2,"href":"http:\/\/invalidi-hrastnik.si\/WP\/wp-json\/wp\/v2\/pages\/60\/revisions"}],"predecessor-version":[{"id":162,"href":"http:\/\/invalidi-hrastnik.si\/WP\/wp-json\/wp\/v2\/pages\/60\/revisions\/162"}],"wp:attachment":[{"href":"http:\/\/invalidi-hrastnik.si\/WP\/wp-json\/wp\/v2\/media?parent=60"}],"curies":[{"name":"wp","href":"https:\/\/api.w.org\/{rel}","templated":true}]}}