{"id":58,"date":"2019-05-05T09:39:48","date_gmt":"2019-05-05T08:39:48","guid":{"rendered":"http:\/\/invalidi-hrastnik.si\/WP\/?page_id=58"},"modified":"2026-04-02T12:24:16","modified_gmt":"2026-04-02T11:24:16","slug":"tiskovine","status":"publish","type":"page","link":"http:\/\/invalidi-hrastnik.si\/WP\/o-nas\/tiskovine\/","title":{"rendered":"Tiskovine"},"content":{"rendered":"\n<p>Bilteni so v PDF obliki. Ker so nekateri nekoliko ve\u010dji je potrebno nekaj ve\u010d \u010dasa, da se nalo\u017eijo. Hitrost je odvisna od va\u0161e internetne povezave.<\/p>\n\n\n\n<div class=\"wp-block-columns has-3-columns is-layout-flex wp-container-4\">\n<div class=\"wp-block-column is-layout-flow\">\n<a href=\"http:\/\/invalidi-hrastnik.si\/WP\/wp-content\/uploads\/2026\/04\/BILTEN-2025-SPLET.pdf\" class=\"pdfemb-viewer\" style=\"\" data-width=\"max\" data-height=\"max\"  data-toolbar=\"both\" data-toolbar-fixed=\"off\">BILTEN-2025-SPLET<br\/><\/a>\n<\/div>\n\n\n\n<div class=\"wp-block-column is-layout-flow\">\n<a href=\"http:\/\/invalidi-hrastnik.si\/WP\/wp-content\/uploads\/2025\/03\/DI-Hrastnik_Bilten-2024_Splet.pdf\" class=\"pdfemb-viewer\" style=\"\" data-width=\"max\" data-height=\"max\"  data-toolbar=\"both\" data-toolbar-fixed=\"off\">DI-Hrastnik_Bilten-2024_Splet<br\/><\/a>\n<\/div>\n\n\n\n<div class=\"wp-block-column is-layout-flow\">\n<a href=\"http:\/\/invalidi-hrastnik.si\/WP\/wp-content\/uploads\/2024\/04\/Bilten-2023_splet.pdf\" class=\"pdfemb-viewer\" style=\"\" data-width=\"max\" data-height=\"max\"  data-toolbar=\"both\" data-toolbar-fixed=\"off\">Bilten-2023_splet<br\/><\/a>\n<\/div>\n<\/div>\n\n\n\n<div class=\"wp-block-columns has-3-columns is-layout-flex wp-container-8\">\n<div class=\"wp-block-column is-layout-flow\">\n<a href=\"http:\/\/invalidi-hrastnik.si\/WP\/wp-content\/uploads\/2023\/06\/Bilten_50_splet.pdf\" class=\"pdfemb-viewer\" style=\"\" data-width=\"max\" data-height=\"max\"  data-toolbar=\"both\" data-toolbar-fixed=\"off\">Bilten_50_splet<br\/><\/a>\n<\/div>\n\n\n\n<div class=\"wp-block-column is-layout-flow\">\n<a href=\"http:\/\/invalidi-hrastnik.si\/WP\/wp-content\/uploads\/2023\/03\/Bilten-2022_splet.pdf\" class=\"pdfemb-viewer\" style=\"\" data-width=\"max\" data-height=\"max\"  data-toolbar=\"both\" data-toolbar-fixed=\"off\">Bilten-2022_splet<br\/><\/a>\n<\/div>\n\n\n\n<div class=\"wp-block-column is-layout-flow\">\n<a href=\"http:\/\/invalidi-hrastnik.si\/WP\/wp-content\/uploads\/2023\/03\/Bilten-2021_splet.pdf\" class=\"pdfemb-viewer\" style=\"\" data-width=\"max\" data-height=\"max\"  data-toolbar=\"both\" data-toolbar-fixed=\"off\">Bilten-2021_splet<br\/><\/a>\n<\/div>\n<\/div>\n\n\n\n<div class=\"wp-block-columns has-3-columns is-layout-flex wp-container-12\">\n<div class=\"wp-block-column is-layout-flow\">\n<a href=\"http:\/\/invalidi-hrastnik.si\/WP\/wp-content\/uploads\/2021\/03\/Bilten-2020_splet.pdf\" class=\"pdfemb-viewer\" style=\"\" data-width=\"max\" data-height=\"max\"  data-toolbar=\"both\" data-toolbar-fixed=\"off\">Bilten-2020_splet<br\/><\/a>\n<\/div>\n\n\n\n<div class=\"wp-block-column is-layout-flow\">\n<a href=\"http:\/\/invalidi-hrastnik.si\/WP\/wp-content\/uploads\/2020\/04\/Bilten-2019_splet.pdf\" class=\"pdfemb-viewer\" style=\"\" data-width=\"max\" data-height=\"max\"  data-toolbar=\"both\" data-toolbar-fixed=\"off\">Bilten-2019_splet<br\/><\/a>\n<\/div>\n\n\n\n<div class=\"wp-block-column is-layout-flow\">\n<a href=\"http:\/\/invalidi-hrastnik.si\/tiskovine\/Bilteni\/b18.pdf\" class=\"pdfemb-viewer\" style=\"\" data-width=\"max\" data-height=\"max\"  data-toolbar=\"both\" data-toolbar-fixed=\"off\">b18<br\/><\/a>\n<\/div>\n<\/div>\n\n\n\n<div class=\"wp-block-columns is-layout-flex wp-container-16\">\n<div class=\"wp-block-column is-layout-flow\">\n<a href=\"http:\/\/invalidi-hrastnik.si\/tiskovine\/Bilteni\/b17.pdf\" class=\"pdfemb-viewer\" style=\"\" data-width=\"max\" data-height=\"max\"  data-toolbar=\"both\" data-toolbar-fixed=\"off\">b17<br\/><\/a>\n<\/div>\n\n\n\n<div class=\"wp-block-column is-layout-flow\">\n<a href=\"http:\/\/invalidi-hrastnik.si\/tiskovine\/Bilteni\/b16.compressed-1.pdf\" class=\"pdfemb-viewer\" style=\"\" data-width=\"max\" data-height=\"max\"  data-toolbar=\"both\" data-toolbar-fixed=\"off\">b16.compressed-1<br\/><\/a>\n<\/div>\n\n\n\n<div class=\"wp-block-column is-layout-flow\">\n<a href=\"http:\/\/invalidi-hrastnik.si\/tiskovine\/Bilteni\/b15.pdf\" class=\"pdfemb-viewer\" style=\"\" data-width=\"max\" data-height=\"max\"  data-toolbar=\"both\" data-toolbar-fixed=\"off\">b15.pdf <br\/><\/a>\n<\/div>\n<\/div>\n\n\n\n<div class=\"wp-block-columns is-layout-flex wp-container-20\">\n<div class=\"wp-block-column is-layout-flow\">\n<a href=\"http:\/\/invalidi-hrastnik.si\/tiskovine\/Bilteni\/b14.pdf\" class=\"pdfemb-viewer\" style=\"\" data-width=\"max\" data-height=\"max\"  data-toolbar=\"both\" data-toolbar-fixed=\"off\">b14<br\/><\/a>\n<\/div>\n\n\n\n<div class=\"wp-block-column is-layout-flow\">\n<a href=\"http:\/\/invalidi-hrastnik.si\/tiskovine\/Bilteni\/b_40let.pdf\" class=\"pdfemb-viewer\" style=\"\" data-width=\"max\" data-height=\"max\"  data-toolbar=\"both\" data-toolbar-fixed=\"off\">b_40let<br\/><\/a>\n<\/div>\n\n\n\n<div class=\"wp-block-column is-layout-flow\">\n<p><\/p>\n<\/div>\n<\/div>\n","protected":false},"excerpt":{"rendered":"<p>Bilteni so v PDF obliki. Ker so nekateri nekoliko ve\u010dji je potrebno nekaj ve\u010d \u010dasa, da se nalo\u017eijo. Hitrost je odvisna od va\u0161e internetne povezave.<\/p>\n","protected":false},"author":1,"featured_media":0,"parent":10,"menu_order":0,"comment_status":"closed","ping_status":"closed","template":"","meta":{"_EventAllDay":false,"_EventTimezone":"","_EventStartDate":"","_EventEndDate":"","_EventStartDateUTC":"","_EventEndDateUTC":"","_EventShowMap":false,"_EventShowMapLink":false,"_EventURL":"","_EventCost":"","_EventCostDescription":"","_EventCurrencySymbol":"","_EventCurrencyCode":"","_EventCurrencyPosition":"","_EventDateTimeSeparator":"","_EventTimeRangeSeparator":"","_EventOrganizerID":[],"_EventVenueID":0,"_OrganizerEmail":"","_OrganizerPhone":"","_OrganizerWebsite":"","_VenueAddress":"","_VenueCity":"","_VenueCountry":"","_VenueProvince":"","_VenueZip":"","_VenuePhone":"","_VenueURL":"","_VenueStateProvince":"","_VenueLat":"","_VenueLng":""},"_links":{"self":[{"href":"http:\/\/invalidi-hrastnik.si\/WP\/wp-json\/wp\/v2\/pages\/58"}],"collection":[{"href":"http:\/\/invalidi-hrastnik.si\/WP\/wp-json\/wp\/v2\/pages"}],"about":[{"href":"http:\/\/invalidi-hrastnik.si\/WP\/wp-json\/wp\/v2\/types\/page"}],"author":[{"embeddable":true,"href":"http:\/\/invalidi-hrastnik.si\/WP\/wp-json\/wp\/v2\/users\/1"}],"replies":[{"embeddable":true,"href":"http:\/\/invalidi-hrastnik.si\/WP\/wp-json\/wp\/v2\/comments?post=58"}],"version-history":[{"count":28,"href":"http:\/\/invalidi-hrastnik.si\/WP\/wp-json\/wp\/v2\/pages\/58\/revisions"}],"predecessor-version":[{"id":4143,"href":"http:\/\/invalidi-hrastnik.si\/WP\/wp-json\/wp\/v2\/pages\/58\/revisions\/4143"}],"up":[{"embeddable":true,"href":"http:\/\/invalidi-hrastnik.si\/WP\/wp-json\/wp\/v2\/pages\/10"}],"wp:attachment":[{"href":"http:\/\/invalidi-hrastnik.si\/WP\/wp-json\/wp\/v2\/media?parent=58"}],"curies":[{"name":"wp","href":"https:\/\/api.w.org\/{rel}","templated":true}]}}