{"id":56,"date":"2019-05-05T09:38:49","date_gmt":"2019-05-05T08:38:49","guid":{"rendered":"http:\/\/invalidi-hrastnik.si\/WP\/?page_id=56"},"modified":"2025-09-25T12:40:59","modified_gmt":"2025-09-25T11:40:59","slug":"vodstvo","status":"publish","type":"page","link":"http:\/\/invalidi-hrastnik.si\/WP\/o-nas\/vodstvo\/","title":{"rendered":"Vodstvo"},"content":{"rendered":"\n<h3 class=\"wp-block-heading\">Nosilci funkcij<\/h3>\n\n\n\n<div class=\"wp-block-columns has-2-columns is-layout-flex wp-container-3\">\n<div class=\"wp-block-column is-layout-flow\">\n<p><strong>Predsednik<\/strong>: <\/p>\n<\/div>\n\n\n\n<div class=\"wp-block-column is-layout-flow\">\n<p>Rajko \u017dagar<\/p>\n<\/div>\n<\/div>\n\n\n\n<div class=\"wp-block-columns has-2-columns is-layout-flex wp-container-6\">\n<div class=\"wp-block-column is-layout-flow\">\n<p><strong>Podpredsednik<\/strong>: <\/p>\n<\/div>\n\n\n\n<div class=\"wp-block-column is-layout-flow\">\n<p>Bla\u017e Dvornik <\/p>\n<\/div>\n<\/div>\n\n\n\n<div class=\"wp-block-columns has-2-columns is-layout-flex wp-container-9\">\n<div class=\"wp-block-column is-layout-flow\">\n<p><strong>Tajni<\/strong>k:<\/p>\n<\/div>\n\n\n\n<div class=\"wp-block-column is-layout-flow\">\n<p>Andrej Knap <\/p>\n<\/div>\n<\/div>\n\n\n\n<div class=\"wp-block-columns has-2-columns is-layout-flex wp-container-12\">\n<div class=\"wp-block-column is-layout-flow\">\n<p><strong>Finan\u010dna knjigovodkinja<\/strong>: <\/p>\n<\/div>\n\n\n\n<div class=\"wp-block-column is-layout-flow\">\n<p>Vidosava Jokanovi\u0107 <\/p>\n<\/div>\n<\/div>\n\n\n\n<hr class=\"wp-block-separator has-css-opacity\"\/>\n\n\n\n<div class=\"wp-block-columns has-2-columns is-layout-flex wp-container-15\">\n<div class=\"wp-block-column is-layout-flow\">\n<h3 class=\"wp-block-heading\">Izvr\u0161ni odbor<\/h3>\n<\/div>\n\n\n\n<div class=\"wp-block-column is-layout-flow\">\n<p>Rajko \u017dagar, predsednik<br>Bla\u017e Dvornik, podpredsednik<br>Slavica Grm\u0161ek<br>Franc Ka\u010di\u010d<br>Nata\u0161a Markovi\u010d<br>Vera Senega\u010dnik<br>Franci Zaletel<br>Sne\u017eana \u017derko<br>Avgust \u017dibert<\/p>\n<\/div>\n<\/div>\n\n\n\n<hr class=\"wp-block-separator has-css-opacity\"\/>\n\n\n\n<div class=\"wp-block-columns has-2-columns is-layout-flex wp-container-18\">\n<div class=\"wp-block-column is-layout-flow\">\n<h3 class=\"wp-block-heading\">Nadzorni odbor<\/h3>\n<\/div>\n\n\n\n<div class=\"wp-block-column is-layout-flow\">\n<p>Stanka Zalokar, predsednica<br>Antonija Zupan\u010di\u010d<br>Hedvika Lamov\u0161ek<\/p>\n<\/div>\n<\/div>\n\n\n\n<hr class=\"wp-block-separator has-css-opacity\"\/>\n\n\n\n<div class=\"wp-block-columns has-2-columns is-layout-flex wp-container-21\">\n<div class=\"wp-block-column is-layout-flow\">\n<h3 class=\"wp-block-heading\">\u010castno razsodi\u0161\u010de<\/h3>\n<\/div>\n\n\n\n<div class=\"wp-block-column is-layout-flow\">\n<p>Du\u0161an Selin\u0161ek, predsednik<br>Vojka \u017dagar, \u010dlanica<br>Milivoj Jokanovi\u0107, \u010dlan<br>Peter Lamov\u0161ek, namestnik predsednik<br>Otilija Kupec, namestnica \u010dlana<br>Milan Laznik, namestnik \u010dlana<\/p>\n<\/div>\n<\/div>\n\n\n\n<hr class=\"wp-block-separator has-css-opacity\"\/>\n\n\n\n<h3 class=\"wp-block-heading\">Delovne skupine <\/h3>\n\n\n\n<div class=\"wp-block-columns has-2-columns is-layout-flex wp-container-24\">\n<div class=\"wp-block-column is-layout-flow\">\n<p><strong>Komisija za \u0161port in rekreacijo<\/strong>: <\/p>\n<\/div>\n\n\n\n<div class=\"wp-block-column is-layout-flow\">\n<p>Bla\u017e Dvornik, predsednik<br>Milan Laznik<br>Karli Medved<br>Vera Senega\u010dnik<br>Antonija Zupan\u010di\u010d<\/p>\n<\/div>\n<\/div>\n\n\n\n<hr class=\"wp-block-separator has-css-opacity is-style-dots\"\/>\n\n\n\n<div class=\"wp-block-columns has-2-columns is-layout-flex wp-container-27\">\n<div class=\"wp-block-column is-layout-flow\">\n<p><strong>Komisija za zdravstvene in socialne razmere<\/strong>:<\/p>\n<\/div>\n\n\n\n<div class=\"wp-block-column is-layout-flow\">\n<p>Slavi Grm\u0161ek, predsednik<br>Nata\u0161a Markovi\u010d <br>Frida Zaletel <br>Vojka \u017dagar <br>Sne\u017eana \u017derko<\/p>\n<\/div>\n<\/div>\n\n\n\n<hr class=\"wp-block-separator has-css-opacity is-style-dots\"\/>\n\n\n\n<div class=\"wp-block-columns has-2-columns is-layout-flex wp-container-30\">\n<div class=\"wp-block-column is-layout-flow\">\n<p><strong>Komisija za ustvarjalne delavnice in kulturo<\/strong>:<\/p>\n<\/div>\n\n\n\n<div class=\"wp-block-column is-layout-flow\">\n<p>Mihaela De\u017eelak, predsednica <br>Alenka Glin\u0161ek<\/p>\n<\/div>\n<\/div>\n\n\n\n<hr class=\"wp-block-separator has-css-opacity\"\/>\n\n\n\n<h3 class=\"wp-block-heading\">Vodje sekcij  <\/h3>\n\n\n\n<div class=\"wp-block-columns has-2-columns is-layout-flex wp-container-33\">\n<div class=\"wp-block-column is-layout-flow\">\n<p><strong>\u0160ah<\/strong>:<\/p>\n<\/div>\n\n\n\n<div class=\"wp-block-column is-layout-flow\">\n<p>Milan Laznik <\/p>\n<\/div>\n<\/div>\n\n\n\n<hr class=\"wp-block-separator has-css-opacity is-style-dots\"\/>\n\n\n\n<div class=\"wp-block-columns has-2-columns is-layout-flex wp-container-36\">\n<div class=\"wp-block-column is-layout-flow\">\n<p><strong>Pikado<\/strong>:<\/p>\n<\/div>\n\n\n\n<div class=\"wp-block-column is-layout-flow\">\n<p>Bla\u017e Dvornik <\/p>\n<\/div>\n<\/div>\n\n\n\n<hr class=\"wp-block-separator has-css-opacity is-style-dots\"\/>\n\n\n\n<div class=\"wp-block-columns has-2-columns is-layout-flex wp-container-39\">\n<div class=\"wp-block-column is-layout-flow\">\n<p><strong>Balinanje<\/strong>:<\/p>\n<\/div>\n\n\n\n<div class=\"wp-block-column is-layout-flow\">\n<p>Bla\u017e Dvornik  <\/p>\n<\/div>\n<\/div>\n\n\n\n<hr class=\"wp-block-separator has-css-opacity is-style-dots\"\/>\n\n\n\n<div class=\"wp-block-columns has-2-columns is-layout-flex wp-container-42\">\n<div class=\"wp-block-column is-layout-flow\">\n<p> <strong>Ribi\u0161tvo<\/strong>:<\/p>\n<\/div>\n\n\n\n<div class=\"wp-block-column is-layout-flow\">\n<p>Karli Medved <\/p>\n<\/div>\n<\/div>\n\n\n\n<hr class=\"wp-block-separator has-css-opacity is-style-dots\"\/>\n\n\n\n<div class=\"wp-block-columns has-2-columns is-layout-flex wp-container-45\">\n<div class=\"wp-block-column is-layout-flow\">\n<p><strong>Terapevtska telovadba<\/strong>:  <\/p>\n<\/div>\n\n\n\n<div class=\"wp-block-column is-layout-flow\">\n<p>Vera Senega\u010dnik <\/p>\n<\/div>\n<\/div>\n\n\n\n<hr class=\"wp-block-separator has-css-opacity is-style-dots\"\/>\n\n\n\n<div class=\"wp-block-columns has-2-columns is-layout-flex wp-container-48\">\n<div class=\"wp-block-column is-layout-flow\">\n<p><strong>Planinarjenje<\/strong>:  <\/p>\n<\/div>\n\n\n\n<div class=\"wp-block-column is-layout-flow\">\n<p>Antonija Zupan\u010di\u010d  <\/p>\n<\/div>\n<\/div>\n\n\n\n<hr class=\"wp-block-separator has-css-opacity is-style-dots\"\/>\n\n\n\n<div class=\"wp-block-columns has-2-columns is-layout-flex wp-container-51\">\n<div class=\"wp-block-column is-layout-flow\">\n<p><strong>Ro\u010dna dela &#8220;Son\u010dnice&#8221;<\/strong>: <\/p>\n<\/div>\n\n\n\n<div class=\"wp-block-column is-layout-flow\">\n<p>Mihaela De\u017eelak<\/p>\n<\/div>\n<\/div>\n\n\n\n<hr class=\"wp-block-separator has-css-opacity\"\/>\n\n\n\n<h3 class=\"wp-block-heading\">Poverjeniki<\/h3>\n\n\n\n<div class=\"wp-block-columns has-2-columns is-layout-flex wp-container-54\">\n<div class=\"wp-block-column is-layout-flow\">\n<p><\/p>\n<\/div>\n\n\n\n<div class=\"wp-block-column is-layout-flow\">\n<p>Franci Ka\u010di\u010d<br><br>Miro  in Anita \u0110urini\u0107  <br><br>Sne\u017eana \u017derko <br><br>Vojka \u017dagar <br><br>Tehvida Spahi\u0107<\/p>\n<\/div>\n<\/div>\n\n\n\n<div class=\"wp-block-columns has-2-columns is-layout-flex wp-container-56\">\n<div class=\"wp-block-column is-layout-flow\"><\/div>\n<\/div>\n","protected":false},"excerpt":{"rendered":"<p>Nosilci funkcij Predsednik: Rajko \u017dagar Podpredsednik: Bla\u017e Dvornik Tajnik: Andrej Knap Finan\u010dna knjigovodkinja: Vidosava Jokanovi\u0107 Izvr\u0161ni odbor Rajko \u017dagar, predsednikBla\u017e Dvornik, podpredsednikSlavica Grm\u0161ekFranc Ka\u010di\u010dNata\u0161a Markovi\u010dVera Senega\u010dnikFranci ZaletelSne\u017eana \u017derkoAvgust \u017dibert Nadzorni [&hellip;]<\/p>\n","protected":false},"author":1,"featured_media":0,"parent":10,"menu_order":0,"comment_status":"closed","ping_status":"closed","template":"","meta":{"_EventAllDay":false,"_EventTimezone":"","_EventStartDate":"","_EventEndDate":"","_EventStartDateUTC":"","_EventEndDateUTC":"","_EventShowMap":false,"_EventShowMapLink":false,"_EventURL":"","_EventCost":"","_EventCostDescription":"","_EventCurrencySymbol":"","_EventCurrencyCode":"","_EventCurrencyPosition":"","_EventDateTimeSeparator":"","_EventTimeRangeSeparator":"","_EventOrganizerID":[],"_EventVenueID":0,"_OrganizerEmail":"","_OrganizerPhone":"","_OrganizerWebsite":"","_VenueAddress":"","_VenueCity":"","_VenueCountry":"","_VenueProvince":"","_VenueZip":"","_VenuePhone":"","_VenueURL":"","_VenueStateProvince":"","_VenueLat":"","_VenueLng":""},"_links":{"self":[{"href":"http:\/\/invalidi-hrastnik.si\/WP\/wp-json\/wp\/v2\/pages\/56"}],"collection":[{"href":"http:\/\/invalidi-hrastnik.si\/WP\/wp-json\/wp\/v2\/pages"}],"about":[{"href":"http:\/\/invalidi-hrastnik.si\/WP\/wp-json\/wp\/v2\/types\/page"}],"author":[{"embeddable":true,"href":"http:\/\/invalidi-hrastnik.si\/WP\/wp-json\/wp\/v2\/users\/1"}],"replies":[{"embeddable":true,"href":"http:\/\/invalidi-hrastnik.si\/WP\/wp-json\/wp\/v2\/comments?post=56"}],"version-history":[{"count":33,"href":"http:\/\/invalidi-hrastnik.si\/WP\/wp-json\/wp\/v2\/pages\/56\/revisions"}],"predecessor-version":[{"id":3941,"href":"http:\/\/invalidi-hrastnik.si\/WP\/wp-json\/wp\/v2\/pages\/56\/revisions\/3941"}],"up":[{"embeddable":true,"href":"http:\/\/invalidi-hrastnik.si\/WP\/wp-json\/wp\/v2\/pages\/10"}],"wp:attachment":[{"href":"http:\/\/invalidi-hrastnik.si\/WP\/wp-json\/wp\/v2\/media?parent=56"}],"curies":[{"name":"wp","href":"https:\/\/api.w.org\/{rel}","templated":true}]}}