{"id":10,"date":"2018-04-10T10:25:27","date_gmt":"2018-04-10T09:25:27","guid":{"rendered":"http:\/\/invalidi-hrastnik.si\/WP\/?page_id=10"},"modified":"2019-06-12T14:04:58","modified_gmt":"2019-06-12T13:04:58","slug":"o-nas","status":"publish","type":"page","link":"http:\/\/invalidi-hrastnik.si\/WP\/o-nas\/","title":{"rendered":"Predstavitev"},"content":{"rendered":"\n<h2 class=\"wp-block-heading\">O nas<\/h2>\n\n\n\n<p><em>Dru\u0161tvo invalidov Hrastnik je invalidska organizacija. Je prostovoljno, neodvisno, samostojno, nestrankarsko in nepridobitno zdru\u017eenje, v katero se zdru\u017eujejo invalidi zaradi ugotavljanja, zagovarjanja in zadovoljevanja svojih posebnih potreb, medsebojne pomo\u010di ter uresni\u010devanja in zastopanja svojih posebnih interesov.<\/em><\/p>\n\n\n\n<p>Dru\u0161tvo pri svojem delu upo\u0161teva na\u010dela dr\u017eavne strategije razvoja invalidskega varstva in mednarodne standarde na podro\u010dju invalidskega varstva. <\/p>\n\n\n\n<p><em>Poleg osnovnih dejavnosti \u010dlani Dru\u0161tva invalidov Hrastnik poskrbimo tudi za rekreacijo uma in telesno rekreacijo. Nekatere dru\u017ei ljubezen do kulture, druge do \u0161porta, spet nekateri pa radi poka\u017eejo svoje ro\u010dne spretnosti. Preko celega leta organiziramo izlete in se sre\u010dujemo z \u010dlani drugih dru\u0161tev invalidov \u0161irom po Sloveniji. Vsak izmed nas se zaveda, da skrb za dobro telesno kondicijo in skrb za na\u0161e &#8216;male sive celice&#8217; pomagata pri premagovanju te\u017eav, ki vsakodnevno spremljajo invalide, v\u010dasih pa jih ta skrb, aktivnost celo premaga.<\/em><\/p>\n","protected":false},"excerpt":{"rendered":"<p>O nas Dru\u0161tvo invalidov Hrastnik je invalidska organizacija. Je prostovoljno, neodvisno, samostojno, nestrankarsko in nepridobitno zdru\u017eenje, v katero se zdru\u017eujejo invalidi zaradi ugotavljanja, zagovarjanja in zadovoljevanja svojih posebnih potreb, medsebojne [&hellip;]<\/p>\n","protected":false},"author":1,"featured_media":0,"parent":0,"menu_order":0,"comment_status":"closed","ping_status":"closed","template":"","meta":{"_EventAllDay":false,"_EventTimezone":"","_EventStartDate":"","_EventEndDate":"","_EventStartDateUTC":"","_EventEndDateUTC":"","_EventShowMap":false,"_EventShowMapLink":false,"_EventURL":"","_EventCost":"","_EventCostDescription":"","_EventCurrencySymbol":"","_EventCurrencyCode":"","_EventCurrencyPosition":"","_EventDateTimeSeparator":"","_EventTimeRangeSeparator":"","_EventOrganizerID":[],"_EventVenueID":0,"_OrganizerEmail":"","_OrganizerPhone":"","_OrganizerWebsite":"","_VenueAddress":"","_VenueCity":"","_VenueCountry":"","_VenueProvince":"","_VenueZip":"","_VenuePhone":"","_VenueURL":"","_VenueStateProvince":"","_VenueLat":"","_VenueLng":""},"_links":{"self":[{"href":"http:\/\/invalidi-hrastnik.si\/WP\/wp-json\/wp\/v2\/pages\/10"}],"collection":[{"href":"http:\/\/invalidi-hrastnik.si\/WP\/wp-json\/wp\/v2\/pages"}],"about":[{"href":"http:\/\/invalidi-hrastnik.si\/WP\/wp-json\/wp\/v2\/types\/page"}],"author":[{"embeddable":true,"href":"http:\/\/invalidi-hrastnik.si\/WP\/wp-json\/wp\/v2\/users\/1"}],"replies":[{"embeddable":true,"href":"http:\/\/invalidi-hrastnik.si\/WP\/wp-json\/wp\/v2\/comments?post=10"}],"version-history":[{"count":4,"href":"http:\/\/invalidi-hrastnik.si\/WP\/wp-json\/wp\/v2\/pages\/10\/revisions"}],"predecessor-version":[{"id":657,"href":"http:\/\/invalidi-hrastnik.si\/WP\/wp-json\/wp\/v2\/pages\/10\/revisions\/657"}],"wp:attachment":[{"href":"http:\/\/invalidi-hrastnik.si\/WP\/wp-json\/wp\/v2\/media?parent=10"}],"curies":[{"name":"wp","href":"https:\/\/api.w.org\/{rel}","templated":true}]}}